{"id":3558,"date":"2017-11-03T15:52:12","date_gmt":"2017-11-03T14:52:12","guid":{"rendered":"https:\/\/bitco3.com\/de\/?page_id=3558"},"modified":"2022-07-05T15:01:13","modified_gmt":"2022-07-05T13:01:13","slug":"self-assessment","status":"publish","type":"page","link":"https:\/\/bitco3.com\/en\/self-assessment\/","title":{"rendered":"Self-Assessment"},"content":{"rendered":"<div id=\"pl-3558\" class=\"panel-layout\">\n<div id=\"pg-3558-0\" class=\"panel-grid panel-has-style\" data-style=\"{&quot;background_display&quot;:&quot;tile&quot;,&quot;bottom_margin&quot;:&quot;0px&quot;,&quot;row_stretch&quot;:&quot;full-stretched&quot;,&quot;cell_alignment&quot;:&quot;flex-start&quot;}\">\n<div class=\"siteorigin-panels-stretch panel-row-style panel-row-style-for-3558-0\" data-stretch-type=\"full-stretched\">\n<div id=\"pgc-3558-0-0\" class=\"panel-grid-cell\" data-style=\"{&quot;background_display&quot;:&quot;tile&quot;,&quot;vertical_alignment&quot;:&quot;auto&quot;}\" data-weight=\"1\">\n<div id=\"panel-3558-0-0-0\" class=\"so-panel widget widget_sow-hero panel-first-child panel-last-child\" data-index=\"0\" data-style=\"{&quot;background_image_attachment&quot;:&quot;2450&quot;,&quot;background_image_attachment_fallback&quot;:false,&quot;background_display&quot;:&quot;tile&quot;}\"><\/div>\n<\/div>\n<\/div>\n<\/div>\n<div id=\"pg-3558-2\" class=\"panel-grid panel-has-style\" data-style=\"{&quot;padding&quot;:&quot;5% 5% 2% 5%&quot;,&quot;background&quot;:&quot;#ffffff&quot;,&quot;background_display&quot;:&quot;tile&quot;,&quot;row_stretch&quot;:&quot;full&quot;,&quot;cell_alignment&quot;:&quot;flex-start&quot;}\">\n<div class=\"siteorigin-panels-stretch panel-row-style panel-row-style-for-3558-2\" data-stretch-type=\"full\">\n<div id=\"pgc-3558-2-0\" class=\"panel-grid-cell\" data-weight=\"0.333333333333\">\n<div id=\"panel-3558-2-0-0\" class=\"so-panel widget widget_sow-headline panel-first-child panel-last-child\" data-index=\"2\" data-style=\"{&quot;padding&quot;:&quot;5% 5% 5% 5%&quot;,&quot;background&quot;:&quot;#ffffff&quot;,&quot;background_display&quot;:&quot;tile&quot;,&quot;border_color&quot;:&quot;#083978&quot;,&quot;font_color&quot;:&quot;#000000&quot;}\">\n<div class=\"panel-widget-style panel-widget-style-for-3558-2-0-0\"><span style=\"font-size: revert; color: initial;\">Bevor Sie beginnen k\u00f6nnen, Ma\u00dfnahmen f\u00fcr das Management von Schatten-IT festzulegen, m\u00fcssen Sie diese erst einmal kennen. Nur durch das Aufdecken der IT-Systeme, die Ihre Fachbereiche f\u00fcr ihre t\u00e4gliche Arbeit nutzen, k\u00f6nnen Sie dann eine weiterf\u00fchrende Analyse von Chancen und Risiken durchf\u00fchren um sie effektiv zu steuern. Zur Erhebung der Schatten-IT gibt es verschiedene M\u00f6glichkeiten, <\/span><a style=\"font-size: revert;\" href=\"https:\/\/bitco3.com\/en\/news\/2017\/11\/22\/methoden-zur-erhebung-von-schatten-it\/\">eine reine Abfrage liefert jedoch wenig Mehrwert.<\/a><\/div>\n<\/div>\n<\/div>\n<div id=\"pgc-3558-2-1\" class=\"panel-grid-cell\" data-weight=\"0.333333333333\">\n<div id=\"panel-3558-2-1-0\" class=\"so-panel widget widget_sow-editor panel-first-child panel-last-child\" data-index=\"3\" data-style=\"{&quot;background_display&quot;:&quot;tile&quot;}\">\n<div class=\"so-widget-sow-editor so-widget-sow-editor-base\">\n<div class=\"siteorigin-widget-tinymce textwidget\">\n<p style=\"text-align: left;\">Aus den Projekten der vergangenen Jahre heraus haben wir deshalb ein Tool entwickelt, in dem die Fachbereiche ihre Schatten-IT selbst erheben k\u00f6nnen, aber auch schon erste Anhaltspunkte f\u00fcr ihre Steuerung erhalten.<\/p>\n<p>Das Self-Assessment-Tool liefert sowohl f\u00fcr die Fachbereiche, die IT aber auch f\u00fcr die Unternehmensleitung und Revision einen unmittelbaren Mehrwert.<\/p>\n<p>Das Tool wurde bewusst schlank und einfach gehalten. Nach dem Download kann es direkt genutzt werden. Die Oberfl\u00e4che ist selbsterkl\u00e4rend und enth\u00e4lt nur wenige Fragen, die vom Nutzer schnell beantwortet werden k\u00f6nnen. Nach dem Ausf\u00fcllen werden sofort erste Handlungsempfehlungen zur bewerteten Schatten-IT gegeben.<\/p>\n<p>Der Nutzer erh\u00e4lt durch die generierte Liste eine schnelle \u00dcbersicht \u00fcber die existierende Schatten-IT. Das Management risikoreicher Schatten-IT wird damit erm\u00f6glicht.<\/p>\n<\/div>\n<\/div>\n<\/div>\n<\/div>\n<div id=\"pgc-3558-2-2\" class=\"panel-grid-cell\" data-weight=\"0.333333333333\">\n<div id=\"panel-3558-2-2-0\" class=\"so-panel widget widget_sow-headline panel-first-child\" data-index=\"4\" data-style=\"{&quot;padding&quot;:&quot;0px 0px 0px 0px&quot;,&quot;mobile_padding&quot;:&quot;0px 0px 0px 0px&quot;,&quot;background_display&quot;:&quot;tile&quot;}\">\u00a0<strong style=\"color: initial;\">Schnelle Einf\u00fchrung:<\/strong><span style=\"color: initial;\"> Einsatz direkt nach dem Download<\/span><\/div>\n<\/div>\n<\/div>\n<\/div>\n<div id=\"pg-3558-4\" class=\"panel-grid panel-has-style\" data-style=\"{&quot;padding&quot;:&quot;5% 5% 2% 5%&quot;,&quot;background&quot;:&quot;#083978&quot;,&quot;background_display&quot;:&quot;tile&quot;,&quot;bottom_margin&quot;:&quot;0px&quot;,&quot;row_stretch&quot;:&quot;full&quot;,&quot;cell_alignment&quot;:&quot;flex-start&quot;}\">\n<div class=\"siteorigin-panels-stretch panel-row-style panel-row-style-for-3558-4\" data-stretch-type=\"full\">\n<div id=\"pgc-3558-4-2\" class=\"panel-grid-cell\" data-style=\"{&quot;padding&quot;:&quot;2% 2% 2% 2%&quot;,&quot;mobile_padding&quot;:&quot;2% 2% 2% 2%&quot;,&quot;background&quot;:&quot;#bfbfbf&quot;,&quot;background_display&quot;:&quot;tile&quot;,&quot;vertical_alignment&quot;:&quot;auto&quot;}\" data-weight=\"0.333333333333\">\n<div class=\"panel-cell-style panel-cell-style-for-3558-4-2\">\n<div id=\"panel-3558-4-2-0\" class=\"so-panel widget widget_sow-editor panel-first-child panel-last-child\" data-index=\"9\" data-style=\"{&quot;padding&quot;:&quot;1% 4% 0% 8%&quot;,&quot;mobile_padding&quot;:&quot;1px 4px 0px 8px&quot;,&quot;background_display&quot;:&quot;tile&quot;}\">\n<div class=\"panel-widget-style panel-widget-style-for-3558-4-2-0\">\n<div class=\"so-widget-sow-editor so-widget-sow-editor-base\">\n<div class=\"siteorigin-widget-tinymce textwidget\">\n<ul class=\"fa-ul\">\n<li><i class=\"fa-li fa fa-square\"><\/i><strong>Bekannte Technologie:<\/strong> Basiert auf Microsoft Excel<\/li>\n<li><i class=\"fa-li fa fa-square\"><\/i><strong>Intuitive Bedienung:<\/strong> Nutzung bekannter Technologien<\/li>\n<li><i class=\"fa-li fa fa-square\"><\/i><strong>Schlankes Tool:<\/strong> Das Tool enth\u00e4lt nur 8 Fragen. Die Fragen sind aus Sicht der Fachbereiche gestellt und k\u00f6nnen schnell und ohne technisches Wissen beantwortet werden.<\/li>\n<li><i class=\"fa-li fa fa-square\"><\/i><strong>Sofortige Transparenz:<\/strong> Generierung einer Liste aller Schatten-IT-Elemente.<\/li>\n<li><i class=\"fa-li fa fa-square\"><\/i><strong>Unmittelbare Bewertung:<\/strong> Schatten-IT-Elemente werden sofort nach ihren Chancen und Risiken bewertet und erste Hinweise zur Steuerung werden gegeben.<\/li>\n<\/ul>\n<div id=\"pgc-3558-5-0\" class=\"panel-grid-cell panel-grid-cell-empty\" data-weight=\"0.295555555556\"><\/div>\n<div id=\"pgc-3558-5-1\" class=\"panel-grid-cell panel-grid-cell-mobile-last\" data-weight=\"0.408555555556\">\n<div id=\"panel-3558-5-1-1\" class=\"so-panel widget widget_sow-editor panel-last-child\" data-index=\"11\" data-style=\"{&quot;padding&quot;:&quot;0px 0px 0px 0px&quot;,&quot;mobile_padding&quot;:&quot;0px 0px 0px 0px&quot;,&quot;background_display&quot;:&quot;tile&quot;}\">\n<div class=\"panel-widget-style panel-widget-style-for-3558-5-1-1\">\n<div class=\"so-widget-sow-editor so-widget-sow-editor-base\">\n<div class=\"siteorigin-widget-tinymce textwidget\">\n<p style=\"text-align: center;\"><span style=\"color: #ffffff;\">(\u00fcber MyCommerce)<\/span><\/p>\n<\/div>\n<\/div>\n<\/div>\n<\/div>\n<\/div>\n<div id=\"pgc-3558-5-2\" class=\"panel-grid-cell panel-grid-cell-empty\" data-style=\"{&quot;padding&quot;:&quot;5% 5% 5% 5%&quot;,&quot;mobile_padding&quot;:&quot;5% 5% 5% 5%&quot;,&quot;background_display&quot;:&quot;tile&quot;,&quot;vertical_alignment&quot;:&quot;auto&quot;}\" data-weight=\"0.295888888889\"><\/div>\n<\/div>\n<\/div>\n<\/div>\n<\/div>\n<\/div>\n<\/div>\n<\/div>\n<\/div>\n<\/div>","protected":false},"excerpt":{"rendered":"<p>Bevor Sie beginnen k\u00f6nnen, Ma\u00dfnahmen f\u00fcr das Management von Schatten-IT festzulegen, m\u00fcssen Sie diese erst einmal kennen. Nur durch das Aufdecken der IT-Systeme, die Ihre Fachbereiche f\u00fcr ihre t\u00e4gliche Arbeit nutzen, k\u00f6nnen Sie dann eine weiterf\u00fchrende Analyse von Chancen und Risiken durchf\u00fchren um sie effektiv zu steuern. Zur Erhebung der Schatten-IT gibt es verschiedene M\u00f6glichkeiten, [&hellip;]<\/p>\n","protected":false},"author":3,"featured_media":0,"parent":0,"menu_order":13,"comment_status":"closed","ping_status":"closed","template":"","meta":{"content-type":"","footnotes":""},"class_list":["post-3558","page","type-page","status-publish","hentry"],"_links":{"self":[{"href":"https:\/\/bitco3.com\/en\/wp-json\/wp\/v2\/pages\/3558","targetHints":{"allow":["GET"]}}],"collection":[{"href":"https:\/\/bitco3.com\/en\/wp-json\/wp\/v2\/pages"}],"about":[{"href":"https:\/\/bitco3.com\/en\/wp-json\/wp\/v2\/types\/page"}],"author":[{"embeddable":true,"href":"https:\/\/bitco3.com\/en\/wp-json\/wp\/v2\/users\/3"}],"replies":[{"embeddable":true,"href":"https:\/\/bitco3.com\/en\/wp-json\/wp\/v2\/comments?post=3558"}],"version-history":[{"count":2,"href":"https:\/\/bitco3.com\/en\/wp-json\/wp\/v2\/pages\/3558\/revisions"}],"predecessor-version":[{"id":12830,"href":"https:\/\/bitco3.com\/en\/wp-json\/wp\/v2\/pages\/3558\/revisions\/12830"}],"wp:attachment":[{"href":"https:\/\/bitco3.com\/en\/wp-json\/wp\/v2\/media?parent=3558"}],"curies":[{"name":"wp","href":"https:\/\/api.w.org\/{rel}","templated":true}]}}